{"id":446,"date":"2025-03-17T10:41:46","date_gmt":"2025-03-17T10:41:46","guid":{"rendered":"https:\/\/yinyangstudio.es\/contacte\/"},"modified":"2025-09-12T11:23:53","modified_gmt":"2025-09-12T11:23:53","slug":"contacte","status":"publish","type":"page","link":"https:\/\/yinyangstudio.es\/ca\/contacte\/","title":{"rendered":"Contacte"},"content":{"rendered":"\t\t<div data-elementor-type=\"wp-page\" data-elementor-id=\"446\" class=\"elementor elementor-446 elementor-122\" data-elementor-post-type=\"page\">\n\t\t\t\t<div class=\"elementor-element elementor-element-fc501d0 e-con-full e-flex e-con e-parent\" data-id=\"fc501d0\" data-element_type=\"container\" data-e-type=\"container\" data-settings=\"{&quot;background_background&quot;:&quot;classic&quot;}\">\n\t\t\t\t<\/div>\n\t\t<div class=\"elementor-element elementor-element-daefe8f e-con-full e-flex e-con e-parent\" data-id=\"daefe8f\" data-element_type=\"container\" data-e-type=\"container\">\n\t\t\t\t<div class=\"elementor-element elementor-element-a80ffd9 elementor-widget__width-initial elementor-widget-mobile__width-inherit elementor-invisible elementor-widget elementor-widget-text-editor\" data-id=\"a80ffd9\" data-element_type=\"widget\" data-e-type=\"widget\" data-settings=\"{&quot;_animation&quot;:&quot;fadeIn&quot;}\" data-widget_type=\"text-editor.default\">\n\t\t\t\t<div class=\"elementor-widget-container\">\n\t\t\t\t\t\t\t\t\t<p>YinYang Studio neix amb un prop\u00f2sit; crear un espai on equilibrar cos i ment a trav\u00e9s del moviment.<\/p><p>Creiem que l&#8217;esport no \u00e9s nom\u00e9s una rutina, sin\u00f3 una experi\u00e8ncia que es connecta a trav\u00e9s de la m\u00fasica i l&#8217;energia,<br>creant comunitat.<\/p><p>Les nostres classes s\u00f3n totes diferents, per\u00f2 la regla \u00e9s la mateixa: enfocar-nos al teu benestar i fer que gaudeixis de cada sessi\u00f3 al m\u00e0xim. Entrenant amb flow, al ritme de les millors playlists de<br>la ciutat, paraula!<\/p><p>Mou-te amb nosaltres, el teu equilibri comen\u00e7a aqu\u00ed. <br>Benvingudes a YinYang Studio.<\/p>\t\t\t\t\t\t\t\t<\/div>\n\t\t\t\t<\/div>\n\t\t\t\t<\/div>\n\t\t<div class=\"elementor-element elementor-element-610dba5 e-con-full e-flex e-con e-parent\" data-id=\"610dba5\" data-element_type=\"container\" data-e-type=\"container\">\n\t\t\t\t<div class=\"elementor-element elementor-element-b67cd5e elementor-widget-divider--view-line elementor-widget elementor-widget-divider\" data-id=\"b67cd5e\" data-element_type=\"widget\" data-e-type=\"widget\" data-widget_type=\"divider.default\">\n\t\t\t\t<div class=\"elementor-widget-container\">\n\t\t\t\t\t\t\t<div class=\"elementor-divider\">\n\t\t\t<span class=\"elementor-divider-separator\">\n\t\t\t\t\t\t<\/span>\n\t\t<\/div>\n\t\t\t\t\t\t<\/div>\n\t\t\t\t<\/div>\n\t\t<div class=\"elementor-element elementor-element-637eb16 e-con-full e-flex e-con e-child\" data-id=\"637eb16\" data-element_type=\"container\" data-e-type=\"container\">\n\t\t<div class=\"elementor-element elementor-element-fddaf45 e-con-full e-flex elementor-invisible e-con e-child\" data-id=\"fddaf45\" data-element_type=\"container\" data-e-type=\"container\" data-settings=\"{&quot;animation&quot;:&quot;fadeIn&quot;}\">\n\t\t\t\t<div class=\"elementor-element elementor-element-ea254ee contacto  elementor-widget elementor-widget-text-editor\" data-id=\"ea254ee\" data-element_type=\"widget\" data-e-type=\"widget\" data-widget_type=\"text-editor.default\">\n\t\t\t\t<div class=\"elementor-widget-container\">\n\t\t\t\t\t\t\t\t\t<p><a href=\"https:\/\/g.co\/kgs\/YZF2YSa\">C\/ Cortit n\u00fam. 6, Local 1. <\/a><br \/><a href=\"https:\/\/g.co\/kgs\/YZF2YSa\">08027 Barcelona<\/a><\/p><p><a href=\"https:\/\/yinyangstudio.es\/ca\/\">yinyagstudio.es<\/a><\/p><p><a href=\"mailto:info@yinyangstudio.es\">info@yinyangstudio.es<\/a><\/p><p>+34 658509421 (Via whatssap)<\/p>\t\t\t\t\t\t\t\t<\/div>\n\t\t\t\t<\/div>\n\t\t\t\t<div class=\"elementor-element elementor-element-ea4cebb elementor-widget elementor-widget-heading\" data-id=\"ea4cebb\" data-element_type=\"widget\" data-e-type=\"widget\" data-widget_type=\"heading.default\">\n\t\t\t\t<div class=\"elementor-widget-container\">\n\t\t\t\t\t<h4 class=\"elementor-heading-title elementor-size-default\">YINYANG STUDIO<\/h4>\t\t\t\t<\/div>\n\t\t\t\t<\/div>\n\t\t\t\t<\/div>\n\t\t\t\t<div class=\"elementor-element elementor-element-8123b92 elementor-invisible elementor-widget elementor-widget-google_maps\" data-id=\"8123b92\" data-element_type=\"widget\" data-e-type=\"widget\" data-settings=\"{&quot;_animation&quot;:&quot;fadeIn&quot;}\" data-widget_type=\"google_maps.default\">\n\t\t\t\t<div class=\"elementor-widget-container\">\n\t\t\t\t\t\t\t<div class=\"elementor-custom-embed\">\n\t\t\t<iframe loading=\"lazy\"\n\t\t\t\t\tsrc=\"https:\/\/maps.google.com\/maps?q=C%2F%20Cortit%20n%C2%BA%206%20%2C%20Local%201.%2008027%20Barcelona&#038;t=m&#038;z=10&#038;output=embed&#038;iwloc=near\"\n\t\t\t\t\ttitle=\"C\/ Cortit n\u00ba 6 , Local 1. 08027 Barcelona\"\n\t\t\t\t\taria-label=\"C\/ Cortit n\u00ba 6 , Local 1. 08027 Barcelona\"\n\t\t\t><\/iframe>\n\t\t<\/div>\n\t\t\t\t\t\t<\/div>\n\t\t\t\t<\/div>\n\t\t\t\t<\/div>\n\t\t\t\t<\/div>\n\t\t<div class=\"elementor-element elementor-element-8138d7b e-flex e-con-boxed e-con e-parent\" data-id=\"8138d7b\" data-element_type=\"container\" data-e-type=\"container\">\n\t\t\t\t\t<div class=\"e-con-inner\">\n\t\t\t\t<div class=\"elementor-element elementor-element-8aa9884 elementor-widget elementor-widget-image\" data-id=\"8aa9884\" data-element_type=\"widget\" data-e-type=\"widget\" data-widget_type=\"image.default\">\n\t\t\t\t<div class=\"elementor-widget-container\">\n\t\t\t\t\t\t\t\t\t\t\t\t\t\t\t<img decoding=\"async\" src=\"https:\/\/yinyangstudio.es\/wp-content\/plugins\/elementor\/assets\/images\/placeholder.png\" title=\"\" alt=\"\" loading=\"lazy\" \/>\t\t\t\t\t\t\t\t\t\t\t\t\t\t\t<\/div>\n\t\t\t\t<\/div>\n\t\t\t\t\t<\/div>\n\t\t\t\t<\/div>\n\t\t<div class=\"elementor-element elementor-element-6169634 e-flex e-con-boxed e-con e-parent\" data-id=\"6169634\" data-element_type=\"container\" data-e-type=\"container\">\n\t\t\t\t\t<div class=\"e-con-inner\">\n\t\t\t\t\t<\/div>\n\t\t\t\t<\/div>\n\t\t\t\t<\/div>\n\t\t","protected":false},"excerpt":{"rendered":"<p>YinYang Studio neix amb un prop\u00f2sit; crear un espai on equilibrar cos i ment a trav\u00e9s del moviment. Creiem que l&#8217;esport no \u00e9s nom\u00e9s una rutina, sin\u00f3 una experi\u00e8ncia que es connecta a trav\u00e9s de la m\u00fasica i l&#8217;energia,creant comunitat. Les nostres classes s\u00f3n totes diferents, per\u00f2 la regla \u00e9s la mateixa: enfocar-nos al teu [&hellip;]<\/p>\n","protected":false},"author":2,"featured_media":0,"parent":0,"menu_order":0,"comment_status":"closed","ping_status":"closed","template":"","meta":{"footnotes":""},"class_list":["post-446","page","type-page","status-publish","hentry"],"yoast_head":"<!-- This site is optimized with the Yoast SEO plugin v24.7 - https:\/\/yoast.com\/wordpress\/plugins\/seo\/ -->\n<title>Contacte - Yin Yang Studio<\/title>\n<meta name=\"robots\" content=\"index, follow, max-snippet:-1, max-image-preview:large, max-video-preview:-1\" \/>\n<link rel=\"canonical\" href=\"https:\/\/yinyangstudio.es\/ca\/contacte\/\" \/>\n<meta property=\"og:locale\" content=\"ca_ES\" \/>\n<meta property=\"og:type\" content=\"article\" \/>\n<meta property=\"og:title\" content=\"Contacte - Yin Yang Studio\" \/>\n<meta property=\"og:description\" content=\"YinYang Studio neix amb un prop\u00f2sit; crear un espai on equilibrar cos i ment a trav\u00e9s del moviment. Creiem que l&#8217;esport no \u00e9s nom\u00e9s una rutina, sin\u00f3 una experi\u00e8ncia que es connecta a trav\u00e9s de la m\u00fasica i l&#8217;energia,creant comunitat. Les nostres classes s\u00f3n totes diferents, per\u00f2 la regla \u00e9s la mateixa: enfocar-nos al teu [&hellip;]\" \/>\n<meta property=\"og:url\" content=\"https:\/\/yinyangstudio.es\/ca\/contacte\/\" \/>\n<meta property=\"og:site_name\" content=\"Yin Yang Studio\" \/>\n<meta property=\"article:modified_time\" content=\"2025-09-12T11:23:53+00:00\" \/>\n<meta property=\"og:image\" content=\"https:\/\/yinyangstudio.es\/wp-content\/plugins\/elementor\/assets\/images\/placeholder.png\" \/>\n<meta name=\"twitter:card\" content=\"summary_large_image\" \/>\n<meta name=\"twitter:label1\" content=\"Temps estimat de lectura\" \/>\n\t<meta name=\"twitter:data1\" content=\"1 minut\" \/>\n<script type=\"application\/ld+json\" class=\"yoast-schema-graph\">{\"@context\":\"https:\/\/schema.org\",\"@graph\":[{\"@type\":\"WebPage\",\"@id\":\"https:\/\/yinyangstudio.es\/ca\/contacte\/\",\"url\":\"https:\/\/yinyangstudio.es\/ca\/contacte\/\",\"name\":\"Contacte - Yin Yang Studio\",\"isPartOf\":{\"@id\":\"https:\/\/yinyangstudio.es\/ca\/#website\"},\"primaryImageOfPage\":{\"@id\":\"https:\/\/yinyangstudio.es\/ca\/contacte\/#primaryimage\"},\"image\":{\"@id\":\"https:\/\/yinyangstudio.es\/ca\/contacte\/#primaryimage\"},\"thumbnailUrl\":\"https:\/\/yinyangstudio.es\/wp-content\/plugins\/elementor\/assets\/images\/placeholder.png\",\"datePublished\":\"2025-03-17T10:41:46+00:00\",\"dateModified\":\"2025-09-12T11:23:53+00:00\",\"breadcrumb\":{\"@id\":\"https:\/\/yinyangstudio.es\/ca\/contacte\/#breadcrumb\"},\"inLanguage\":\"ca\",\"potentialAction\":[{\"@type\":\"ReadAction\",\"target\":[\"https:\/\/yinyangstudio.es\/ca\/contacte\/\"]}]},{\"@type\":\"ImageObject\",\"inLanguage\":\"ca\",\"@id\":\"https:\/\/yinyangstudio.es\/ca\/contacte\/#primaryimage\",\"url\":\"https:\/\/yinyangstudio.es\/wp-content\/plugins\/elementor\/assets\/images\/placeholder.png\",\"contentUrl\":\"https:\/\/yinyangstudio.es\/wp-content\/plugins\/elementor\/assets\/images\/placeholder.png\"},{\"@type\":\"BreadcrumbList\",\"@id\":\"https:\/\/yinyangstudio.es\/ca\/contacte\/#breadcrumb\",\"itemListElement\":[{\"@type\":\"ListItem\",\"position\":1,\"name\":\"Portada\",\"item\":\"https:\/\/yinyangstudio.es\/ca\/boutique-fitness-studio\/\"},{\"@type\":\"ListItem\",\"position\":2,\"name\":\"Contacte\"}]},{\"@type\":\"WebSite\",\"@id\":\"https:\/\/yinyangstudio.es\/ca\/#website\",\"url\":\"https:\/\/yinyangstudio.es\/ca\/\",\"name\":\"Yin Yang Studio\",\"description\":\"Boutique Fitness Studio\",\"publisher\":{\"@id\":\"https:\/\/yinyangstudio.es\/ca\/#organization\"},\"potentialAction\":[{\"@type\":\"SearchAction\",\"target\":{\"@type\":\"EntryPoint\",\"urlTemplate\":\"https:\/\/yinyangstudio.es\/ca\/?s={search_term_string}\"},\"query-input\":{\"@type\":\"PropertyValueSpecification\",\"valueRequired\":true,\"valueName\":\"search_term_string\"}}],\"inLanguage\":\"ca\"},{\"@type\":\"Organization\",\"@id\":\"https:\/\/yinyangstudio.es\/ca\/#organization\",\"name\":\"Yin Yang Studio\",\"url\":\"https:\/\/yinyangstudio.es\/ca\/\",\"logo\":{\"@type\":\"ImageObject\",\"inLanguage\":\"ca\",\"@id\":\"https:\/\/yinyangstudio.es\/ca\/#\/schema\/logo\/image\/\",\"url\":\"https:\/\/yinyangstudio.es\/wp-content\/uploads\/2025\/03\/Asset-1logo.svg\",\"contentUrl\":\"https:\/\/yinyangstudio.es\/wp-content\/uploads\/2025\/03\/Asset-1logo.svg\",\"width\":898,\"height\":224,\"caption\":\"Yin Yang Studio\"},\"image\":{\"@id\":\"https:\/\/yinyangstudio.es\/ca\/#\/schema\/logo\/image\/\"}}]}<\/script>\n<!-- \/ Yoast SEO plugin. -->","yoast_head_json":{"title":"Contacte - Yin Yang Studio","robots":{"index":"index","follow":"follow","max-snippet":"max-snippet:-1","max-image-preview":"max-image-preview:large","max-video-preview":"max-video-preview:-1"},"canonical":"https:\/\/yinyangstudio.es\/ca\/contacte\/","og_locale":"ca_ES","og_type":"article","og_title":"Contacte - Yin Yang Studio","og_description":"YinYang Studio neix amb un prop\u00f2sit; crear un espai on equilibrar cos i ment a trav\u00e9s del moviment. Creiem que l&#8217;esport no \u00e9s nom\u00e9s una rutina, sin\u00f3 una experi\u00e8ncia que es connecta a trav\u00e9s de la m\u00fasica i l&#8217;energia,creant comunitat. Les nostres classes s\u00f3n totes diferents, per\u00f2 la regla \u00e9s la mateixa: enfocar-nos al teu [&hellip;]","og_url":"https:\/\/yinyangstudio.es\/ca\/contacte\/","og_site_name":"Yin Yang Studio","article_modified_time":"2025-09-12T11:23:53+00:00","og_image":[{"url":"https:\/\/yinyangstudio.es\/wp-content\/plugins\/elementor\/assets\/images\/placeholder.png","type":"","width":"","height":""}],"twitter_card":"summary_large_image","twitter_misc":{"Temps estimat de lectura":"1 minut"},"schema":{"@context":"https:\/\/schema.org","@graph":[{"@type":"WebPage","@id":"https:\/\/yinyangstudio.es\/ca\/contacte\/","url":"https:\/\/yinyangstudio.es\/ca\/contacte\/","name":"Contacte - Yin Yang Studio","isPartOf":{"@id":"https:\/\/yinyangstudio.es\/ca\/#website"},"primaryImageOfPage":{"@id":"https:\/\/yinyangstudio.es\/ca\/contacte\/#primaryimage"},"image":{"@id":"https:\/\/yinyangstudio.es\/ca\/contacte\/#primaryimage"},"thumbnailUrl":"https:\/\/yinyangstudio.es\/wp-content\/plugins\/elementor\/assets\/images\/placeholder.png","datePublished":"2025-03-17T10:41:46+00:00","dateModified":"2025-09-12T11:23:53+00:00","breadcrumb":{"@id":"https:\/\/yinyangstudio.es\/ca\/contacte\/#breadcrumb"},"inLanguage":"ca","potentialAction":[{"@type":"ReadAction","target":["https:\/\/yinyangstudio.es\/ca\/contacte\/"]}]},{"@type":"ImageObject","inLanguage":"ca","@id":"https:\/\/yinyangstudio.es\/ca\/contacte\/#primaryimage","url":"https:\/\/yinyangstudio.es\/wp-content\/plugins\/elementor\/assets\/images\/placeholder.png","contentUrl":"https:\/\/yinyangstudio.es\/wp-content\/plugins\/elementor\/assets\/images\/placeholder.png"},{"@type":"BreadcrumbList","@id":"https:\/\/yinyangstudio.es\/ca\/contacte\/#breadcrumb","itemListElement":[{"@type":"ListItem","position":1,"name":"Portada","item":"https:\/\/yinyangstudio.es\/ca\/boutique-fitness-studio\/"},{"@type":"ListItem","position":2,"name":"Contacte"}]},{"@type":"WebSite","@id":"https:\/\/yinyangstudio.es\/ca\/#website","url":"https:\/\/yinyangstudio.es\/ca\/","name":"Yin Yang Studio","description":"Boutique Fitness Studio","publisher":{"@id":"https:\/\/yinyangstudio.es\/ca\/#organization"},"potentialAction":[{"@type":"SearchAction","target":{"@type":"EntryPoint","urlTemplate":"https:\/\/yinyangstudio.es\/ca\/?s={search_term_string}"},"query-input":{"@type":"PropertyValueSpecification","valueRequired":true,"valueName":"search_term_string"}}],"inLanguage":"ca"},{"@type":"Organization","@id":"https:\/\/yinyangstudio.es\/ca\/#organization","name":"Yin Yang Studio","url":"https:\/\/yinyangstudio.es\/ca\/","logo":{"@type":"ImageObject","inLanguage":"ca","@id":"https:\/\/yinyangstudio.es\/ca\/#\/schema\/logo\/image\/","url":"https:\/\/yinyangstudio.es\/wp-content\/uploads\/2025\/03\/Asset-1logo.svg","contentUrl":"https:\/\/yinyangstudio.es\/wp-content\/uploads\/2025\/03\/Asset-1logo.svg","width":898,"height":224,"caption":"Yin Yang Studio"},"image":{"@id":"https:\/\/yinyangstudio.es\/ca\/#\/schema\/logo\/image\/"}}]}},"_links":{"self":[{"href":"https:\/\/yinyangstudio.es\/ca\/wp-json\/wp\/v2\/pages\/446","targetHints":{"allow":["GET"]}}],"collection":[{"href":"https:\/\/yinyangstudio.es\/ca\/wp-json\/wp\/v2\/pages"}],"about":[{"href":"https:\/\/yinyangstudio.es\/ca\/wp-json\/wp\/v2\/types\/page"}],"author":[{"embeddable":true,"href":"https:\/\/yinyangstudio.es\/ca\/wp-json\/wp\/v2\/users\/2"}],"replies":[{"embeddable":true,"href":"https:\/\/yinyangstudio.es\/ca\/wp-json\/wp\/v2\/comments?post=446"}],"version-history":[{"count":18,"href":"https:\/\/yinyangstudio.es\/ca\/wp-json\/wp\/v2\/pages\/446\/revisions"}],"predecessor-version":[{"id":847,"href":"https:\/\/yinyangstudio.es\/ca\/wp-json\/wp\/v2\/pages\/446\/revisions\/847"}],"wp:attachment":[{"href":"https:\/\/yinyangstudio.es\/ca\/wp-json\/wp\/v2\/media?parent=446"}],"curies":[{"name":"wp","href":"https:\/\/api.w.org\/{rel}","templated":true}]}}