{"id":452,"date":"2025-03-17T10:43:31","date_gmt":"2025-03-17T10:43:31","guid":{"rendered":"https:\/\/yinyangstudio.es\/reserva\/"},"modified":"2025-03-19T10:37:07","modified_gmt":"2025-03-19T10:37:07","slug":"reserva","status":"publish","type":"page","link":"https:\/\/yinyangstudio.es\/ca\/reserva\/","title":{"rendered":"Reserva"},"content":{"rendered":"\t\t<div data-elementor-type=\"wp-page\" data-elementor-id=\"452\" class=\"elementor elementor-452 elementor-131\" data-elementor-post-type=\"page\">\n\t\t\t\t<div class=\"elementor-element elementor-element-7786709 e-con-full e-flex e-con e-parent\" data-id=\"7786709\" data-element_type=\"container\" data-e-type=\"container\">\n\t\t\t\t<div class=\"elementor-element elementor-element-0c90cc7 elementor-invisible elementor-widget elementor-widget-heading\" data-id=\"0c90cc7\" data-element_type=\"widget\" data-e-type=\"widget\" data-settings=\"{&quot;_animation&quot;:&quot;fadeIn&quot;}\" data-widget_type=\"heading.default\">\n\t\t\t\t<div class=\"elementor-widget-container\">\n\t\t\t\t\t<h1 class=\"elementor-heading-title elementor-size-default\">Reserva<\/h1>\t\t\t\t<\/div>\n\t\t\t\t<\/div>\n\t\t\t\t<div class=\"elementor-element elementor-element-938f5bd animated-fast elementor-widget-divider--view-line elementor-invisible elementor-widget elementor-widget-divider\" data-id=\"938f5bd\" data-element_type=\"widget\" data-e-type=\"widget\" data-settings=\"{&quot;_animation&quot;:&quot;fadeInLeft&quot;}\" data-widget_type=\"divider.default\">\n\t\t\t\t<div class=\"elementor-widget-container\">\n\t\t\t\t\t\t\t<div class=\"elementor-divider\">\n\t\t\t<span class=\"elementor-divider-separator\">\n\t\t\t\t\t\t<\/span>\n\t\t<\/div>\n\t\t\t\t\t\t<\/div>\n\t\t\t\t<\/div>\n\t\t\t\t<\/div>\n\t\t<div class=\"elementor-element elementor-element-640a83f e-flex e-con-boxed e-con e-parent\" data-id=\"640a83f\" data-element_type=\"container\" data-e-type=\"container\">\n\t\t\t\t\t<div class=\"e-con-inner\">\n\t\t\t\t\t<\/div>\n\t\t\t\t<\/div>\n\t\t\t\t<\/div>\n\t\t","protected":false},"excerpt":{"rendered":"<p>Reserva<\/p>\n","protected":false},"author":2,"featured_media":0,"parent":0,"menu_order":0,"comment_status":"closed","ping_status":"closed","template":"","meta":{"footnotes":""},"class_list":["post-452","page","type-page","status-publish","hentry"],"yoast_head":"<!-- This site is optimized with the Yoast SEO plugin v24.7 - https:\/\/yoast.com\/wordpress\/plugins\/seo\/ -->\n<title>Reserva La teva Classe a YinYang Studio | Barre, Pilates i M\u00e9s<\/title>\n<meta name=\"description\" content=\"Reserva la teva classe de Barre, Pilates o HIIT a YinYang Studio. F\u00e0cil, r\u00e0pid i 100% en l\u00ednia. El teu equilibri comen\u00e7a aqu\u00ed!\" \/>\n<meta name=\"robots\" content=\"index, follow, max-snippet:-1, max-image-preview:large, max-video-preview:-1\" \/>\n<link rel=\"canonical\" href=\"https:\/\/yinyangstudio.es\/ca\/reserva\/\" \/>\n<meta property=\"og:locale\" content=\"ca_ES\" \/>\n<meta property=\"og:type\" content=\"article\" \/>\n<meta property=\"og:title\" content=\"Reserva La teva Classe a YinYang Studio\" \/>\n<meta property=\"og:description\" content=\"Reserva la teva classe de Barre, Pilates, HIIT o Stretching a YinYang Studio. F\u00e0cil, r\u00e0pid i 100% en l\u00ednia. El teu equilibri comen\u00e7a aqu\u00ed!\" \/>\n<meta property=\"og:url\" content=\"https:\/\/yinyangstudio.es\/ca\/reserva\/\" \/>\n<meta property=\"og:site_name\" content=\"Yin Yang Studio\" \/>\n<meta property=\"article:modified_time\" content=\"2025-03-19T10:37:07+00:00\" \/>\n<meta property=\"og:image\" content=\"https:\/\/yinyangstudio.es\/wp-content\/uploads\/2025\/03\/YINYANG0162-268x300.jpg\" \/>\n<meta name=\"twitter:card\" content=\"summary_large_image\" \/>\n<script type=\"application\/ld+json\" class=\"yoast-schema-graph\">{\"@context\":\"https:\/\/schema.org\",\"@graph\":[{\"@type\":\"WebPage\",\"@id\":\"https:\/\/yinyangstudio.es\/ca\/reserva\/\",\"url\":\"https:\/\/yinyangstudio.es\/ca\/reserva\/\",\"name\":\"Reserva La teva Classe a YinYang Studio | Barre, Pilates i M\u00e9s\",\"isPartOf\":{\"@id\":\"https:\/\/yinyangstudio.es\/ca\/#website\"},\"datePublished\":\"2025-03-17T10:43:31+00:00\",\"dateModified\":\"2025-03-19T10:37:07+00:00\",\"description\":\"Reserva la teva classe de Barre, Pilates o HIIT a YinYang Studio. F\u00e0cil, r\u00e0pid i 100% en l\u00ednia. El teu equilibri comen\u00e7a aqu\u00ed!\",\"breadcrumb\":{\"@id\":\"https:\/\/yinyangstudio.es\/ca\/reserva\/#breadcrumb\"},\"inLanguage\":\"ca\",\"potentialAction\":[{\"@type\":\"ReadAction\",\"target\":[\"https:\/\/yinyangstudio.es\/ca\/reserva\/\"]}]},{\"@type\":\"BreadcrumbList\",\"@id\":\"https:\/\/yinyangstudio.es\/ca\/reserva\/#breadcrumb\",\"itemListElement\":[{\"@type\":\"ListItem\",\"position\":1,\"name\":\"Portada\",\"item\":\"https:\/\/yinyangstudio.es\/ca\/\"},{\"@type\":\"ListItem\",\"position\":2,\"name\":\"Reserva\"}]},{\"@type\":\"WebSite\",\"@id\":\"https:\/\/yinyangstudio.es\/ca\/#website\",\"url\":\"https:\/\/yinyangstudio.es\/ca\/\",\"name\":\"Yin Yang Studio\",\"description\":\"Boutique Fitness Studio\",\"publisher\":{\"@id\":\"https:\/\/yinyangstudio.es\/ca\/#organization\"},\"potentialAction\":[{\"@type\":\"SearchAction\",\"target\":{\"@type\":\"EntryPoint\",\"urlTemplate\":\"https:\/\/yinyangstudio.es\/ca\/?s={search_term_string}\"},\"query-input\":{\"@type\":\"PropertyValueSpecification\",\"valueRequired\":true,\"valueName\":\"search_term_string\"}}],\"inLanguage\":\"ca\"},{\"@type\":\"Organization\",\"@id\":\"https:\/\/yinyangstudio.es\/ca\/#organization\",\"name\":\"Yin Yang Studio\",\"url\":\"https:\/\/yinyangstudio.es\/ca\/\",\"logo\":{\"@type\":\"ImageObject\",\"inLanguage\":\"ca\",\"@id\":\"https:\/\/yinyangstudio.es\/ca\/#\/schema\/logo\/image\/\",\"url\":\"https:\/\/yinyangstudio.es\/wp-content\/uploads\/2025\/03\/Asset-1logo.svg\",\"contentUrl\":\"https:\/\/yinyangstudio.es\/wp-content\/uploads\/2025\/03\/Asset-1logo.svg\",\"width\":898,\"height\":224,\"caption\":\"Yin Yang Studio\"},\"image\":{\"@id\":\"https:\/\/yinyangstudio.es\/ca\/#\/schema\/logo\/image\/\"}}]}<\/script>\n<!-- \/ Yoast SEO plugin. -->","yoast_head_json":{"title":"Reserva La teva Classe a YinYang Studio | Barre, Pilates i M\u00e9s","description":"Reserva la teva classe de Barre, Pilates o HIIT a YinYang Studio. F\u00e0cil, r\u00e0pid i 100% en l\u00ednia. El teu equilibri comen\u00e7a aqu\u00ed!","robots":{"index":"index","follow":"follow","max-snippet":"max-snippet:-1","max-image-preview":"max-image-preview:large","max-video-preview":"max-video-preview:-1"},"canonical":"https:\/\/yinyangstudio.es\/ca\/reserva\/","og_locale":"ca_ES","og_type":"article","og_title":"Reserva La teva Classe a YinYang Studio","og_description":"Reserva la teva classe de Barre, Pilates, HIIT o Stretching a YinYang Studio. F\u00e0cil, r\u00e0pid i 100% en l\u00ednia. El teu equilibri comen\u00e7a aqu\u00ed!","og_url":"https:\/\/yinyangstudio.es\/ca\/reserva\/","og_site_name":"Yin Yang Studio","article_modified_time":"2025-03-19T10:37:07+00:00","og_image":[{"url":"https:\/\/yinyangstudio.es\/wp-content\/uploads\/2025\/03\/YINYANG0162-268x300.jpg","type":"","width":"","height":""}],"twitter_card":"summary_large_image","schema":{"@context":"https:\/\/schema.org","@graph":[{"@type":"WebPage","@id":"https:\/\/yinyangstudio.es\/ca\/reserva\/","url":"https:\/\/yinyangstudio.es\/ca\/reserva\/","name":"Reserva La teva Classe a YinYang Studio | Barre, Pilates i M\u00e9s","isPartOf":{"@id":"https:\/\/yinyangstudio.es\/ca\/#website"},"datePublished":"2025-03-17T10:43:31+00:00","dateModified":"2025-03-19T10:37:07+00:00","description":"Reserva la teva classe de Barre, Pilates o HIIT a YinYang Studio. F\u00e0cil, r\u00e0pid i 100% en l\u00ednia. El teu equilibri comen\u00e7a aqu\u00ed!","breadcrumb":{"@id":"https:\/\/yinyangstudio.es\/ca\/reserva\/#breadcrumb"},"inLanguage":"ca","potentialAction":[{"@type":"ReadAction","target":["https:\/\/yinyangstudio.es\/ca\/reserva\/"]}]},{"@type":"BreadcrumbList","@id":"https:\/\/yinyangstudio.es\/ca\/reserva\/#breadcrumb","itemListElement":[{"@type":"ListItem","position":1,"name":"Portada","item":"https:\/\/yinyangstudio.es\/ca\/"},{"@type":"ListItem","position":2,"name":"Reserva"}]},{"@type":"WebSite","@id":"https:\/\/yinyangstudio.es\/ca\/#website","url":"https:\/\/yinyangstudio.es\/ca\/","name":"Yin Yang Studio","description":"Boutique Fitness Studio","publisher":{"@id":"https:\/\/yinyangstudio.es\/ca\/#organization"},"potentialAction":[{"@type":"SearchAction","target":{"@type":"EntryPoint","urlTemplate":"https:\/\/yinyangstudio.es\/ca\/?s={search_term_string}"},"query-input":{"@type":"PropertyValueSpecification","valueRequired":true,"valueName":"search_term_string"}}],"inLanguage":"ca"},{"@type":"Organization","@id":"https:\/\/yinyangstudio.es\/ca\/#organization","name":"Yin Yang Studio","url":"https:\/\/yinyangstudio.es\/ca\/","logo":{"@type":"ImageObject","inLanguage":"ca","@id":"https:\/\/yinyangstudio.es\/ca\/#\/schema\/logo\/image\/","url":"https:\/\/yinyangstudio.es\/wp-content\/uploads\/2025\/03\/Asset-1logo.svg","contentUrl":"https:\/\/yinyangstudio.es\/wp-content\/uploads\/2025\/03\/Asset-1logo.svg","width":898,"height":224,"caption":"Yin Yang Studio"},"image":{"@id":"https:\/\/yinyangstudio.es\/ca\/#\/schema\/logo\/image\/"}}]}},"_links":{"self":[{"href":"https:\/\/yinyangstudio.es\/ca\/wp-json\/wp\/v2\/pages\/452","targetHints":{"allow":["GET"]}}],"collection":[{"href":"https:\/\/yinyangstudio.es\/ca\/wp-json\/wp\/v2\/pages"}],"about":[{"href":"https:\/\/yinyangstudio.es\/ca\/wp-json\/wp\/v2\/types\/page"}],"author":[{"embeddable":true,"href":"https:\/\/yinyangstudio.es\/ca\/wp-json\/wp\/v2\/users\/2"}],"replies":[{"embeddable":true,"href":"https:\/\/yinyangstudio.es\/ca\/wp-json\/wp\/v2\/comments?post=452"}],"version-history":[{"count":1,"href":"https:\/\/yinyangstudio.es\/ca\/wp-json\/wp\/v2\/pages\/452\/revisions"}],"predecessor-version":[{"id":453,"href":"https:\/\/yinyangstudio.es\/ca\/wp-json\/wp\/v2\/pages\/452\/revisions\/453"}],"wp:attachment":[{"href":"https:\/\/yinyangstudio.es\/ca\/wp-json\/wp\/v2\/media?parent=452"}],"curies":[{"name":"wp","href":"https:\/\/api.w.org\/{rel}","templated":true}]}}