{"id":719,"date":"2025-03-19T10:33:37","date_gmt":"2025-03-19T10:33:37","guid":{"rendered":"https:\/\/yinyangstudio.es\/politica-de-privacitat\/"},"modified":"2026-03-19T09:10:03","modified_gmt":"2026-03-19T09:10:03","slug":"politica-de-privacitat","status":"publish","type":"page","link":"https:\/\/yinyangstudio.es\/ca\/politica-de-privacitat\/","title":{"rendered":"Pol\u00edtica de Privacitat"},"content":{"rendered":"\t\t<div data-elementor-type=\"wp-page\" data-elementor-id=\"719\" class=\"elementor elementor-719 elementor-525\" data-elementor-post-type=\"page\">\n\t\t\t\t<div class=\"elementor-element elementor-element-0a5f56d e-con-full e-flex e-con e-parent\" data-id=\"0a5f56d\" data-element_type=\"container\" data-e-type=\"container\">\n\t\t\t\t<div class=\"elementor-element elementor-element-aebdd48 elementor-widget__width-initial elementor-widget-mobile__width-inherit elementor-widget elementor-widget-text-editor\" data-id=\"aebdd48\" data-element_type=\"widget\" data-e-type=\"widget\" data-widget_type=\"text-editor.default\">\n\t\t\t\t<div class=\"elementor-widget-container\">\n\t\t\t\t\t\t\t\t\t<h2><strong>Pol\u00edtica de Privacitat<\/strong><\/h2><p dir=\"ltr\">A Yin Yang Studio ens prenem molt seriosament la protecci\u00f3 de les teves dades personals. Aquesta pol\u00edtica de privacitat descriu com recopilem, utilitzem i protegim la teva informaci\u00f3. <\/p><p dir=\"ltr\">En compliment de la Llei Org\u00e0nica 15\/1999, de 13 de desembre, de Protecci\u00f3 de Dades de Car\u00e0cter Personal (LOPD), s&#8217;informa que totes les dades que ens proporcionis seran incorporades a un fitxer, creat i mantingut sota la responsabilitat de Yin Yang Studio SL.<\/p><p dir=\"ltr\">Sempre es respectar\u00e0 la confidencialitat de les teves dades personals, que nom\u00e9s seran utilitzades amb la finalitat de:<\/p><p dir=\"ltr\">\u2022 Gestionar les teves reserves i assist\u00e8ncia a les classes.<\/p><p dir=\"ltr\">\u2022 Personalitzar i millorar els nostres serveis.<\/p><p dir=\"ltr\">\u2022 Comunicar-nos amb tu sobre actualitzacions, promocions i esdeveniments relacionats amb Yin Yang Studio, sempre que ens hagis donat el teu consentiment.<\/p><p dir=\"ltr\">Informaci\u00f3 que Recopilem:<\/p><p dir=\"ltr\">\u2022 Dades d\u2019identificaci\u00f3: Nom, cognoms, adre\u00e7a de correu electr\u00f2nic, n\u00famero de tel\u00e8fon.<\/p><p dir=\"ltr\">\u2022 Dades de salut: Informaci\u00f3 que ens proporcionis sobre el teu estat f\u00edsic per adaptar les classes a les teves necessitats.<\/p><p dir=\"ltr\">\u2022 Dades de navegaci\u00f3: Informaci\u00f3 recopilada mitjan\u00e7ant cookies o altres tecnologies similars (consulta la nostra Pol\u00edtica de Cookies per a m\u00e9s detalls).<\/p><p dir=\"ltr\">Per exercir els teus drets d&#8217;oposici\u00f3, rectificaci\u00f3 o cancel\u00b7laci\u00f3, haur\u00e0s d&#8217;adre\u00e7ar-te a la seu de l&#8217;empresa C\/ Cortit n\u00ba6, local 1 situada a Barcelona, o escriure&#8217;ns al seg\u00fcent correu: <a href=\"mailto:yinyangestudi@gmail.com\" target=\"_blank\" rel=\"noopener\">yinyangestudi@gmail.com<\/a>.<\/p><p dir=\"ltr\">Propietat Intel\u00b7lectual i Industrial<\/p><p dir=\"ltr\">Yin Yang Studio SL \u00e9s titular de tots els drets sobre el programari de la publicaci\u00f3 digital, aix\u00ed com dels drets de propietat industrial i intel\u00b7lectual referits als continguts que s&#8217;inclouen, excepte els drets sobre productes i serveis de car\u00e0cter p\u00fablic que no s\u00f3n propietat d&#8217;aquesta empresa. Ning\u00fan material publicat en aquesta web podr\u00e0 ser reprodu\u00eft, copiat o publicat sense el consentiment per escrit de Yin Yang Studio SL. <\/p><p dir=\"ltr\">Tota la informaci\u00f3 que es rebi a la web, com comentaris, suggeriments o idees, es considerar\u00e0 cedida a Yin Yang Studio SL de manera gratu\u00efta. No s&#8217;ha de enviar informaci\u00f3 que NO pugui ser tractada d&#8217;aquesta manera. <\/p><p dir=\"ltr\">Tots els productes i serveis d&#8217;aquestes p\u00e0gines que NO s\u00f3n propietat de Yin Yang Studio SL s\u00f3n marques registrades dels respectius propietaris i s\u00f3n reconegudes com a tals per la nostra empresa. Nom\u00e9s apareixen a la web de Yin Yang Studio SL a efectes de promoci\u00f3 i recopilaci\u00f3 d&#8217;informaci\u00f3. Aquests propietaris poden sol\u00b7licitar la modificaci\u00f3 o eliminaci\u00f3 de la informaci\u00f3 que els pertany.  <\/p><p dir=\"ltr\">Responsabilitats<\/p><p dir=\"ltr\">Yin Yang Studio SL no es fa responsable de la informaci\u00f3 i continguts emmagatzemats en f\u00f2rums, xarxes socials o qualsevol altre mitj\u00e0 que permeti a tercers publicar continguts de forma independent a la p\u00e0gina web del prestador.<\/p><p dir=\"ltr\">No obstant aix\u00f2, tenint en compte els art. 11 i 16 de la LSSI-CE, Yin Yang Studio SL es compromet a la retirada o, en el seu cas, bloqueig d&#8217;aquells continguts que poguessin afectar o contravenir la legislaci\u00f3 nacional o internacional, drets de tercers o la moral i l&#8217;ordre p\u00fablic.<\/p><p dir=\"ltr\">Tampoc la companyia es responsabilitzar\u00e0 dels danys i perjudicis que es produeixin per fallades o males configuracions del programari instal\u00b7lat a l&#8217;ordinador de l&#8217;internauta. S&#8217;exclou tota responsabilitat per alguna incid\u00e8ncia t\u00e8cnica o fallada que es produeixi quan l&#8217;usuari es connecti a internet. Igualment, no es garanteix la inexist\u00e8ncia d&#8217;interrupcions o errors en l&#8217;acc\u00e9s al lloc web.  <\/p><p dir=\"ltr\">Aix\u00ed mateix, Yin Yang Studio SL es reserva el dret a actualitzar, modificar o eliminar la informaci\u00f3 continguda a la seva p\u00e0gina web, aix\u00ed com la configuraci\u00f3 o presentaci\u00f3 d\u2019aquesta. <\/p>\t\t\t\t\t\t\t\t<\/div>\n\t\t\t\t<\/div>\n\t\t\t\t<\/div>\n\t\t\t\t<\/div>\n\t\t","protected":false},"excerpt":{"rendered":"<p>Pol\u00edtica de Privacitat A Yin Yang Studio ens prenem molt seriosament la protecci\u00f3 de les teves dades personals. Aquesta pol\u00edtica de privacitat descriu com recopilem, utilitzem i protegim la teva informaci\u00f3. En compliment de la Llei Org\u00e0nica 15\/1999, de 13 de desembre, de Protecci\u00f3 de Dades de Car\u00e0cter Personal (LOPD), s&#8217;informa que totes les dades [&hellip;]<\/p>\n","protected":false},"author":2,"featured_media":0,"parent":0,"menu_order":0,"comment_status":"closed","ping_status":"closed","template":"","meta":{"footnotes":""},"class_list":["post-719","page","type-page","status-publish","hentry"],"yoast_head":"<!-- This site is optimized with the Yoast SEO plugin v24.7 - https:\/\/yoast.com\/wordpress\/plugins\/seo\/ -->\n<title>Pol\u00edtica de Privacitat - Yin Yang Studio<\/title>\n<meta name=\"robots\" content=\"index, follow, max-snippet:-1, max-image-preview:large, max-video-preview:-1\" \/>\n<link rel=\"canonical\" href=\"https:\/\/yinyangstudio.es\/ca\/politica-de-privacitat\/\" \/>\n<meta property=\"og:locale\" content=\"ca_ES\" \/>\n<meta property=\"og:type\" content=\"article\" \/>\n<meta property=\"og:title\" content=\"Pol\u00edtica de Privacitat - Yin Yang Studio\" \/>\n<meta property=\"og:description\" content=\"Pol\u00edtica de Privacitat A Yin Yang Studio ens prenem molt seriosament la protecci\u00f3 de les teves dades personals. Aquesta pol\u00edtica de privacitat descriu com recopilem, utilitzem i protegim la teva informaci\u00f3. En compliment de la Llei Org\u00e0nica 15\/1999, de 13 de desembre, de Protecci\u00f3 de Dades de Car\u00e0cter Personal (LOPD), s&#8217;informa que totes les dades [&hellip;]\" \/>\n<meta property=\"og:url\" content=\"https:\/\/yinyangstudio.es\/ca\/politica-de-privacitat\/\" \/>\n<meta property=\"og:site_name\" content=\"Yin Yang Studio\" \/>\n<meta property=\"article:modified_time\" content=\"2026-03-19T09:10:03+00:00\" \/>\n<meta name=\"twitter:card\" content=\"summary_large_image\" \/>\n<meta name=\"twitter:label1\" content=\"Temps estimat de lectura\" \/>\n\t<meta name=\"twitter:data1\" content=\"3 minuts\" \/>\n<script type=\"application\/ld+json\" class=\"yoast-schema-graph\">{\"@context\":\"https:\/\/schema.org\",\"@graph\":[{\"@type\":\"WebPage\",\"@id\":\"https:\/\/yinyangstudio.es\/ca\/politica-de-privacitat\/\",\"url\":\"https:\/\/yinyangstudio.es\/ca\/politica-de-privacitat\/\",\"name\":\"Pol\u00edtica de Privacitat - Yin Yang Studio\",\"isPartOf\":{\"@id\":\"https:\/\/yinyangstudio.es\/ca\/#website\"},\"datePublished\":\"2025-03-19T10:33:37+00:00\",\"dateModified\":\"2026-03-19T09:10:03+00:00\",\"breadcrumb\":{\"@id\":\"https:\/\/yinyangstudio.es\/ca\/politica-de-privacitat\/#breadcrumb\"},\"inLanguage\":\"ca\",\"potentialAction\":[{\"@type\":\"ReadAction\",\"target\":[\"https:\/\/yinyangstudio.es\/ca\/politica-de-privacitat\/\"]}]},{\"@type\":\"BreadcrumbList\",\"@id\":\"https:\/\/yinyangstudio.es\/ca\/politica-de-privacitat\/#breadcrumb\",\"itemListElement\":[{\"@type\":\"ListItem\",\"position\":1,\"name\":\"Portada\",\"item\":\"https:\/\/yinyangstudio.es\/ca\/boutique-fitness-studio\/\"},{\"@type\":\"ListItem\",\"position\":2,\"name\":\"Pol\u00edtica de Privacitat\"}]},{\"@type\":\"WebSite\",\"@id\":\"https:\/\/yinyangstudio.es\/ca\/#website\",\"url\":\"https:\/\/yinyangstudio.es\/ca\/\",\"name\":\"Yin Yang Studio\",\"description\":\"Boutique Fitness Studio\",\"publisher\":{\"@id\":\"https:\/\/yinyangstudio.es\/ca\/#organization\"},\"potentialAction\":[{\"@type\":\"SearchAction\",\"target\":{\"@type\":\"EntryPoint\",\"urlTemplate\":\"https:\/\/yinyangstudio.es\/ca\/?s={search_term_string}\"},\"query-input\":{\"@type\":\"PropertyValueSpecification\",\"valueRequired\":true,\"valueName\":\"search_term_string\"}}],\"inLanguage\":\"ca\"},{\"@type\":\"Organization\",\"@id\":\"https:\/\/yinyangstudio.es\/ca\/#organization\",\"name\":\"Yin Yang Studio\",\"url\":\"https:\/\/yinyangstudio.es\/ca\/\",\"logo\":{\"@type\":\"ImageObject\",\"inLanguage\":\"ca\",\"@id\":\"https:\/\/yinyangstudio.es\/ca\/#\/schema\/logo\/image\/\",\"url\":\"https:\/\/yinyangstudio.es\/wp-content\/uploads\/2025\/03\/Asset-1logo.svg\",\"contentUrl\":\"https:\/\/yinyangstudio.es\/wp-content\/uploads\/2025\/03\/Asset-1logo.svg\",\"width\":898,\"height\":224,\"caption\":\"Yin Yang Studio\"},\"image\":{\"@id\":\"https:\/\/yinyangstudio.es\/ca\/#\/schema\/logo\/image\/\"}}]}<\/script>\n<!-- \/ Yoast SEO plugin. -->","yoast_head_json":{"title":"Pol\u00edtica de Privacitat - Yin Yang Studio","robots":{"index":"index","follow":"follow","max-snippet":"max-snippet:-1","max-image-preview":"max-image-preview:large","max-video-preview":"max-video-preview:-1"},"canonical":"https:\/\/yinyangstudio.es\/ca\/politica-de-privacitat\/","og_locale":"ca_ES","og_type":"article","og_title":"Pol\u00edtica de Privacitat - Yin Yang Studio","og_description":"Pol\u00edtica de Privacitat A Yin Yang Studio ens prenem molt seriosament la protecci\u00f3 de les teves dades personals. Aquesta pol\u00edtica de privacitat descriu com recopilem, utilitzem i protegim la teva informaci\u00f3. En compliment de la Llei Org\u00e0nica 15\/1999, de 13 de desembre, de Protecci\u00f3 de Dades de Car\u00e0cter Personal (LOPD), s&#8217;informa que totes les dades [&hellip;]","og_url":"https:\/\/yinyangstudio.es\/ca\/politica-de-privacitat\/","og_site_name":"Yin Yang Studio","article_modified_time":"2026-03-19T09:10:03+00:00","twitter_card":"summary_large_image","twitter_misc":{"Temps estimat de lectura":"3 minuts"},"schema":{"@context":"https:\/\/schema.org","@graph":[{"@type":"WebPage","@id":"https:\/\/yinyangstudio.es\/ca\/politica-de-privacitat\/","url":"https:\/\/yinyangstudio.es\/ca\/politica-de-privacitat\/","name":"Pol\u00edtica de Privacitat - Yin Yang Studio","isPartOf":{"@id":"https:\/\/yinyangstudio.es\/ca\/#website"},"datePublished":"2025-03-19T10:33:37+00:00","dateModified":"2026-03-19T09:10:03+00:00","breadcrumb":{"@id":"https:\/\/yinyangstudio.es\/ca\/politica-de-privacitat\/#breadcrumb"},"inLanguage":"ca","potentialAction":[{"@type":"ReadAction","target":["https:\/\/yinyangstudio.es\/ca\/politica-de-privacitat\/"]}]},{"@type":"BreadcrumbList","@id":"https:\/\/yinyangstudio.es\/ca\/politica-de-privacitat\/#breadcrumb","itemListElement":[{"@type":"ListItem","position":1,"name":"Portada","item":"https:\/\/yinyangstudio.es\/ca\/boutique-fitness-studio\/"},{"@type":"ListItem","position":2,"name":"Pol\u00edtica de Privacitat"}]},{"@type":"WebSite","@id":"https:\/\/yinyangstudio.es\/ca\/#website","url":"https:\/\/yinyangstudio.es\/ca\/","name":"Yin Yang Studio","description":"Boutique Fitness Studio","publisher":{"@id":"https:\/\/yinyangstudio.es\/ca\/#organization"},"potentialAction":[{"@type":"SearchAction","target":{"@type":"EntryPoint","urlTemplate":"https:\/\/yinyangstudio.es\/ca\/?s={search_term_string}"},"query-input":{"@type":"PropertyValueSpecification","valueRequired":true,"valueName":"search_term_string"}}],"inLanguage":"ca"},{"@type":"Organization","@id":"https:\/\/yinyangstudio.es\/ca\/#organization","name":"Yin Yang Studio","url":"https:\/\/yinyangstudio.es\/ca\/","logo":{"@type":"ImageObject","inLanguage":"ca","@id":"https:\/\/yinyangstudio.es\/ca\/#\/schema\/logo\/image\/","url":"https:\/\/yinyangstudio.es\/wp-content\/uploads\/2025\/03\/Asset-1logo.svg","contentUrl":"https:\/\/yinyangstudio.es\/wp-content\/uploads\/2025\/03\/Asset-1logo.svg","width":898,"height":224,"caption":"Yin Yang Studio"},"image":{"@id":"https:\/\/yinyangstudio.es\/ca\/#\/schema\/logo\/image\/"}}]}},"_links":{"self":[{"href":"https:\/\/yinyangstudio.es\/ca\/wp-json\/wp\/v2\/pages\/719","targetHints":{"allow":["GET"]}}],"collection":[{"href":"https:\/\/yinyangstudio.es\/ca\/wp-json\/wp\/v2\/pages"}],"about":[{"href":"https:\/\/yinyangstudio.es\/ca\/wp-json\/wp\/v2\/types\/page"}],"author":[{"embeddable":true,"href":"https:\/\/yinyangstudio.es\/ca\/wp-json\/wp\/v2\/users\/2"}],"replies":[{"embeddable":true,"href":"https:\/\/yinyangstudio.es\/ca\/wp-json\/wp\/v2\/comments?post=719"}],"version-history":[{"count":1,"href":"https:\/\/yinyangstudio.es\/ca\/wp-json\/wp\/v2\/pages\/719\/revisions"}],"predecessor-version":[{"id":956,"href":"https:\/\/yinyangstudio.es\/ca\/wp-json\/wp\/v2\/pages\/719\/revisions\/956"}],"wp:attachment":[{"href":"https:\/\/yinyangstudio.es\/ca\/wp-json\/wp\/v2\/media?parent=719"}],"curies":[{"name":"wp","href":"https:\/\/api.w.org\/{rel}","templated":true}]}}