{"id":720,"date":"2025-03-25T09:23:08","date_gmt":"2025-03-25T09:23:08","guid":{"rendered":"https:\/\/yinyangstudio.es\/proteccio-de-dades\/"},"modified":"2025-03-25T09:23:08","modified_gmt":"2025-03-25T09:23:08","slug":"proteccio-de-dades","status":"publish","type":"page","link":"https:\/\/yinyangstudio.es\/ca\/proteccio-de-dades\/","title":{"rendered":"PROTECCI\u00d3 DE DADES"},"content":{"rendered":"\t\t<div data-elementor-type=\"wp-page\" data-elementor-id=\"720\" class=\"elementor elementor-720 elementor-698\" data-elementor-post-type=\"page\">\n\t\t\t\t<div class=\"elementor-element elementor-element-e6be54d e-con-full e-flex e-con e-parent\" data-id=\"e6be54d\" data-element_type=\"container\" data-e-type=\"container\">\n\t\t\t\t<div class=\"elementor-element elementor-element-18b1954 elementor-widget__width-initial elementor-widget elementor-widget-text-editor\" data-id=\"18b1954\" data-element_type=\"widget\" data-e-type=\"widget\" data-widget_type=\"text-editor.default\">\n\t\t\t\t<div class=\"elementor-widget-container\">\n\t\t\t\t\t\t\t\t\t<h2 class=\"p1\"><span class=\"s1\"><b>PROTECCI\u00d3N DE DATOS<\/b><b><\/b><\/span><\/h2><p class=\"p1\">En cumplimiento de lo establecido en la Ley 34\/2002 de 11 de Julio de Servicios de la Sociedad de La Informaci\u00f3n y el Comercio Electr\u00f3nico (LSSICE), Yinyang Studio SL\u00a0\u00a0<span class=\"s2\">tratamos la informaci\u00f3n que nos facilitas con el fin de:<\/span><\/p><p class=\"p2\">-Gestionar las inscripciones y reservas de nuestras clases.\u00a0<\/p><p class=\"p2\">-Responder a tus consultas y solicitudes de informaci\u00f3n.<\/p><p class=\"p2\">-Enviarte comunicaciones comerciales por e-mail, redes sociales u otro medio electr\u00f3nico sobre nuestros servicios, productos, promociones y eventos, siempre que nos hayas dado tu consentimiento\u00a0<span class=\"s3\">as\u00ed como por parte de los colaboradores o socios con los que \u00e9ste hubiera alcanzado alg\u00fan acuerdo de promoci\u00f3n comercial entre sus clientes.\u00a0<\/span><\/p><p class=\"p1\">-Tramitar encargos, solicitudes o cualquier tipo de petici\u00f3n que sea realizada por el usuario a trav\u00e9s de cualquiera de las formas de contacto que se ponen a disposici\u00f3n del usuario en el sitio web de la compa\u00f1\u00eda.<\/p><p class=\"p2\">El tratamiento de tus datos se basa en el consentimiento que nos proporcionas al completar nuestros formularios de contacto o inscripci\u00f3n. Puedes retirar tu consentimiento en cualquier momento, sin que ello afecte a la licitud del tratamiento previo a su retirada.\u00a0<\/p><p class=\"p2\">Tus datos no ser\u00e1n cedidos a terceros, salvo obligaci\u00f3n legal o en los casos necesarios para la prestaci\u00f3n de nuestros servicios (por ejemplo, plataformas de gesti\u00f3n de reservas).<\/p><p class=\"p1\">Todos los datos solicitados a trav\u00e9s del sitio web son obligatorios y necesarios para la prestaci\u00f3n de un servicio \u00f3ptimo al usuario. En caso de que no sean facilitados todos los datos, el prestador no garantiza que la informaci\u00f3n y servicios facilitados sean completamente ajustados a sus necesidades. Se garantiza el ejercicio de los derechos de acceso, rectificaci\u00f3n, cancelaci\u00f3n, informaci\u00f3n y oposici\u00f3n, en los t\u00e9rminos dispuestos en la legislaci\u00f3n vigente.<\/p><p class=\"p2\">Tienes derecho a:<\/p><p class=\"p2\">\u2022 Acceder a tus datos personales.<\/p><p class=\"p2\">\u2022 Solicitar la rectificaci\u00f3n de datos inexactos.<\/p><p class=\"p2\">\u2022 Solicitar su supresi\u00f3n cuando, entre otros motivos, los datos ya no sean necesarios para los fines que fueron recogidos.<\/p><p class=\"p2\">\u2022 Oponerte al tratamiento de tus datos.<\/p><p class=\"p2\">\u2022 Solicitar la limitaci\u00f3n del tratamiento de tus datos en determinadas circunstancias.<\/p><p class=\"p2\">\u2022 Solicitar la portabilidad de tus datos a otro responsable.<\/p><p class=\"p1\">Por ello, De acuerdo con el Reglamento (UE) 2016\/679 del Parlamento y del Consejo, de 27 de abril de 2016, de Protecci\u00f3n de Datos de Car\u00e1cter Personal (LOPD) podr\u00e1 ejercer sus derechos remitiendo una solicitud expresa, junto a una copia de su DNI, a trav\u00e9s de los siguientes medios: E-Mail:\u00a0<a href=\"mailto:yinyangestudi@gmail.com\"><span class=\"s4\">yinyangestudi@gmail.com<\/span><\/a><\/p><p class=\"p2\">Autoridad de Control:<\/p><p class=\"p2\">Si consideras que el tratamiento de tus datos personales vulnera la normativa, tienes derecho a presentar una reclamaci\u00f3n ante la Agencia Espa\u00f1ola de Protecci\u00f3n de Datos (AEPD) o ante la Autoridad Catalana de Protecci\u00f3n de Datos (APDCAT).<\/p><p class=\"p1\">Yin Yang Studio SL se reserva el derecho de modificar la actual pol\u00edtica para adaptarla a nuevas legislaturas Es este caso se anunciar\u00e1 en esta p\u00e1gina los cambios hechos con antelaci\u00f3n para su correcto funcionamiento.\u00a0<\/p><p class=\"p2\">En Yin Yang Studio nos tomamos muy en serio la protecci\u00f3n de tus datos personales. Esta pol\u00edtica de privacidad describe c\u00f3mo recopilamos, utilizamos y protegemos tu informaci\u00f3n.<\/p><p class=\"p2\">Informaci\u00f3n que Recopilamos:<\/p><p class=\"p2\">\u2022 Datos de identificaci\u00f3n: Nombre, apellidos, direcci\u00f3n de correo electr\u00f3nico, n\u00famero de tel\u00e9fono.<\/p><p class=\"p2\">\u2022 Datos de salud: Informaci\u00f3n que nos proporciones sobre tu estado f\u00edsico para adaptar las clases a tus necesidades.<\/p><p class=\"p2\">\u2022 Datos de navegaci\u00f3n: Informaci\u00f3n recopilada mediante cookies u otras tecnolog\u00edas similares (consulta nuestra Pol\u00edtica de Cookies para m\u00e1s detalles).<\/p><p class=\"p2\">Uso de la Informaci\u00f3n:<\/p><p class=\"p2\">Utilizamos tus datos para<\/p><p class=\"p2\">\u2022 Gestionar tus reservas y asistencia a las clases.<\/p><p class=\"p2\">\u2022 Personalizar y mejorar nuestros servicios.<\/p><p class=\"p2\">\u2022 Comunicarnos contigo sobre actualizaciones, promociones y eventos relacionados con Yin Yang Studio, siempre que nos hayas dado tu consentimiento.<\/p><p class=\"p2\">Privacidad de Menores<\/p><p class=\"p2\">En Yin Yang Studio, nos tomamos muy en serio la privacidad de los menores. De acuerdo con la legislaci\u00f3n vigente, no recopilamos, usamos ni almacenamos datos personales de menores de 14 a\u00f1os sin el consentimiento expl\u00edcito de sus padres o tutores legales.<\/p><p class=\"p2\">Datos de menores:<\/p><p class=\"p2\">\u2022 Si un menor desea inscribirse a alguna de nuestras clases, ser\u00e1 necesario que su padre, madre o tutor legal complete el proceso de inscripci\u00f3n y proporcione el consentimiento necesario para el tratamiento de sus datos.<\/p><p class=\"p2\">\u2022 Los datos se utilizar\u00e1n \u00fanicamente para la gesti\u00f3n de las actividades en las que participe el menor y bajo las condiciones indicadas en nuestra pol\u00edtica de privacidad.<\/p><p class=\"p2\">Derechos de los tutores legales:<\/p><p class=\"p2\">\u2022 Los padres o tutores legales pueden solicitar acceso, rectificaci\u00f3n o eliminaci\u00f3n de los datos del menor en cualquier momento contactando a [correo electr\u00f3nico de contacto].<\/p><p class=\"p2\">\u2022 Nos reservamos el derecho de solicitar documentaci\u00f3n que acredite la relaci\u00f3n del tutor legal con el menor antes de proceder con cualquier solicitud relacionada con sus datos.<\/p><p class=\"p2\">Compromiso:<\/p><p class=\"p2\">Trabajamos para garantizar que los datos de los menores est\u00e9n protegidos mediante medidas de seguridad adecuadas, evitando cualquier tratamiento no autorizado.<\/p><p class=\"p2\">Medidas de Seguridad:<\/p><p class=\"p2\">Implementamos medidas t\u00e9cnicas y organizativas adecuadas para garantizar la seguridad de tus datos personales y evitar su alteraci\u00f3n, p\u00e9rdida, tratamiento o acceso no autorizado.<\/p><p class=\"p2\">Actualizaciones de la Pol\u00edtica de Privacidad:<\/p><p class=\"p2\">Podemos actualizar esta pol\u00edtica de privacidad peri\u00f3dicamente. Te notificaremos sobre cualquier cambio significativo a trav\u00e9s de nuestra p\u00e1gina web o por otros medios de contacto.<\/p><p class=\"p9\">\u00a0<\/p>\t\t\t\t\t\t\t\t<\/div>\n\t\t\t\t<\/div>\n\t\t\t\t<\/div>\n\t\t\t\t<\/div>\n\t\t","protected":false},"excerpt":{"rendered":"<p>PROTECCI\u00d3 DE DADES En compliment del que establix la Llei 34\/2002 de 11 de juliol, de Serveis de la Societat de la Informaci\u00f3 i el Comer\u00e7 Electr\u00f2nic (LSSICE), Yin Yang Studio SL tractem la informaci\u00f3 que ens facilites amb la finalitat de: -Gestionar les inscripcions i reserves de les nostres classes. -Respondre a les teves [&hellip;]<\/p>\n","protected":false},"author":2,"featured_media":0,"parent":0,"menu_order":0,"comment_status":"closed","ping_status":"closed","template":"","meta":{"footnotes":""},"class_list":["post-720","page","type-page","status-publish","hentry"],"yoast_head":"<!-- This site is optimized with the Yoast SEO plugin v24.7 - https:\/\/yoast.com\/wordpress\/plugins\/seo\/ -->\n<title>PROTECCI\u00d3 DE DADES - Yin Yang Studio<\/title>\n<meta name=\"robots\" content=\"index, follow, max-snippet:-1, max-image-preview:large, max-video-preview:-1\" \/>\n<link rel=\"canonical\" href=\"https:\/\/yinyangstudio.es\/ca\/proteccio-de-dades\/\" \/>\n<meta property=\"og:locale\" content=\"ca_ES\" \/>\n<meta property=\"og:type\" content=\"article\" \/>\n<meta property=\"og:title\" content=\"PROTECCI\u00d3 DE DADES - Yin Yang Studio\" \/>\n<meta property=\"og:description\" content=\"PROTECCI\u00d3 DE DADES En compliment del que establix la Llei 34\/2002 de 11 de juliol, de Serveis de la Societat de la Informaci\u00f3 i el Comer\u00e7 Electr\u00f2nic (LSSICE), Yin Yang Studio SL tractem la informaci\u00f3 que ens facilites amb la finalitat de: -Gestionar les inscripcions i reserves de les nostres classes. -Respondre a les teves [&hellip;]\" \/>\n<meta property=\"og:url\" content=\"https:\/\/yinyangstudio.es\/ca\/proteccio-de-dades\/\" \/>\n<meta property=\"og:site_name\" content=\"Yin Yang Studio\" \/>\n<meta name=\"twitter:card\" content=\"summary_large_image\" \/>\n<meta name=\"twitter:label1\" content=\"Temps estimat de lectura\" \/>\n\t<meta name=\"twitter:data1\" content=\"5 minuts\" \/>\n<script type=\"application\/ld+json\" class=\"yoast-schema-graph\">{\"@context\":\"https:\/\/schema.org\",\"@graph\":[{\"@type\":\"WebPage\",\"@id\":\"https:\/\/yinyangstudio.es\/ca\/proteccio-de-dades\/\",\"url\":\"https:\/\/yinyangstudio.es\/ca\/proteccio-de-dades\/\",\"name\":\"PROTECCI\u00d3 DE DADES - Yin Yang Studio\",\"isPartOf\":{\"@id\":\"https:\/\/yinyangstudio.es\/ca\/#website\"},\"datePublished\":\"2025-03-25T09:23:08+00:00\",\"breadcrumb\":{\"@id\":\"https:\/\/yinyangstudio.es\/ca\/proteccio-de-dades\/#breadcrumb\"},\"inLanguage\":\"ca\",\"potentialAction\":[{\"@type\":\"ReadAction\",\"target\":[\"https:\/\/yinyangstudio.es\/ca\/proteccio-de-dades\/\"]}]},{\"@type\":\"BreadcrumbList\",\"@id\":\"https:\/\/yinyangstudio.es\/ca\/proteccio-de-dades\/#breadcrumb\",\"itemListElement\":[{\"@type\":\"ListItem\",\"position\":1,\"name\":\"Portada\",\"item\":\"https:\/\/yinyangstudio.es\/ca\/boutique-fitness-studio\/\"},{\"@type\":\"ListItem\",\"position\":2,\"name\":\"PROTECCI\u00d3 DE DADES\"}]},{\"@type\":\"WebSite\",\"@id\":\"https:\/\/yinyangstudio.es\/ca\/#website\",\"url\":\"https:\/\/yinyangstudio.es\/ca\/\",\"name\":\"Yin Yang Studio\",\"description\":\"Boutique Fitness Studio\",\"publisher\":{\"@id\":\"https:\/\/yinyangstudio.es\/ca\/#organization\"},\"potentialAction\":[{\"@type\":\"SearchAction\",\"target\":{\"@type\":\"EntryPoint\",\"urlTemplate\":\"https:\/\/yinyangstudio.es\/ca\/?s={search_term_string}\"},\"query-input\":{\"@type\":\"PropertyValueSpecification\",\"valueRequired\":true,\"valueName\":\"search_term_string\"}}],\"inLanguage\":\"ca\"},{\"@type\":\"Organization\",\"@id\":\"https:\/\/yinyangstudio.es\/ca\/#organization\",\"name\":\"Yin Yang Studio\",\"url\":\"https:\/\/yinyangstudio.es\/ca\/\",\"logo\":{\"@type\":\"ImageObject\",\"inLanguage\":\"ca\",\"@id\":\"https:\/\/yinyangstudio.es\/ca\/#\/schema\/logo\/image\/\",\"url\":\"https:\/\/yinyangstudio.es\/wp-content\/uploads\/2025\/03\/Asset-1logo.svg\",\"contentUrl\":\"https:\/\/yinyangstudio.es\/wp-content\/uploads\/2025\/03\/Asset-1logo.svg\",\"width\":898,\"height\":224,\"caption\":\"Yin Yang Studio\"},\"image\":{\"@id\":\"https:\/\/yinyangstudio.es\/ca\/#\/schema\/logo\/image\/\"}}]}<\/script>\n<!-- \/ Yoast SEO plugin. -->","yoast_head_json":{"title":"PROTECCI\u00d3 DE DADES - Yin Yang Studio","robots":{"index":"index","follow":"follow","max-snippet":"max-snippet:-1","max-image-preview":"max-image-preview:large","max-video-preview":"max-video-preview:-1"},"canonical":"https:\/\/yinyangstudio.es\/ca\/proteccio-de-dades\/","og_locale":"ca_ES","og_type":"article","og_title":"PROTECCI\u00d3 DE DADES - Yin Yang Studio","og_description":"PROTECCI\u00d3 DE DADES En compliment del que establix la Llei 34\/2002 de 11 de juliol, de Serveis de la Societat de la Informaci\u00f3 i el Comer\u00e7 Electr\u00f2nic (LSSICE), Yin Yang Studio SL tractem la informaci\u00f3 que ens facilites amb la finalitat de: -Gestionar les inscripcions i reserves de les nostres classes. -Respondre a les teves [&hellip;]","og_url":"https:\/\/yinyangstudio.es\/ca\/proteccio-de-dades\/","og_site_name":"Yin Yang Studio","twitter_card":"summary_large_image","twitter_misc":{"Temps estimat de lectura":"5 minuts"},"schema":{"@context":"https:\/\/schema.org","@graph":[{"@type":"WebPage","@id":"https:\/\/yinyangstudio.es\/ca\/proteccio-de-dades\/","url":"https:\/\/yinyangstudio.es\/ca\/proteccio-de-dades\/","name":"PROTECCI\u00d3 DE DADES - Yin Yang Studio","isPartOf":{"@id":"https:\/\/yinyangstudio.es\/ca\/#website"},"datePublished":"2025-03-25T09:23:08+00:00","breadcrumb":{"@id":"https:\/\/yinyangstudio.es\/ca\/proteccio-de-dades\/#breadcrumb"},"inLanguage":"ca","potentialAction":[{"@type":"ReadAction","target":["https:\/\/yinyangstudio.es\/ca\/proteccio-de-dades\/"]}]},{"@type":"BreadcrumbList","@id":"https:\/\/yinyangstudio.es\/ca\/proteccio-de-dades\/#breadcrumb","itemListElement":[{"@type":"ListItem","position":1,"name":"Portada","item":"https:\/\/yinyangstudio.es\/ca\/boutique-fitness-studio\/"},{"@type":"ListItem","position":2,"name":"PROTECCI\u00d3 DE DADES"}]},{"@type":"WebSite","@id":"https:\/\/yinyangstudio.es\/ca\/#website","url":"https:\/\/yinyangstudio.es\/ca\/","name":"Yin Yang Studio","description":"Boutique Fitness Studio","publisher":{"@id":"https:\/\/yinyangstudio.es\/ca\/#organization"},"potentialAction":[{"@type":"SearchAction","target":{"@type":"EntryPoint","urlTemplate":"https:\/\/yinyangstudio.es\/ca\/?s={search_term_string}"},"query-input":{"@type":"PropertyValueSpecification","valueRequired":true,"valueName":"search_term_string"}}],"inLanguage":"ca"},{"@type":"Organization","@id":"https:\/\/yinyangstudio.es\/ca\/#organization","name":"Yin Yang Studio","url":"https:\/\/yinyangstudio.es\/ca\/","logo":{"@type":"ImageObject","inLanguage":"ca","@id":"https:\/\/yinyangstudio.es\/ca\/#\/schema\/logo\/image\/","url":"https:\/\/yinyangstudio.es\/wp-content\/uploads\/2025\/03\/Asset-1logo.svg","contentUrl":"https:\/\/yinyangstudio.es\/wp-content\/uploads\/2025\/03\/Asset-1logo.svg","width":898,"height":224,"caption":"Yin Yang Studio"},"image":{"@id":"https:\/\/yinyangstudio.es\/ca\/#\/schema\/logo\/image\/"}}]}},"_links":{"self":[{"href":"https:\/\/yinyangstudio.es\/ca\/wp-json\/wp\/v2\/pages\/720","targetHints":{"allow":["GET"]}}],"collection":[{"href":"https:\/\/yinyangstudio.es\/ca\/wp-json\/wp\/v2\/pages"}],"about":[{"href":"https:\/\/yinyangstudio.es\/ca\/wp-json\/wp\/v2\/types\/page"}],"author":[{"embeddable":true,"href":"https:\/\/yinyangstudio.es\/ca\/wp-json\/wp\/v2\/users\/2"}],"replies":[{"embeddable":true,"href":"https:\/\/yinyangstudio.es\/ca\/wp-json\/wp\/v2\/comments?post=720"}],"version-history":[{"count":0,"href":"https:\/\/yinyangstudio.es\/ca\/wp-json\/wp\/v2\/pages\/720\/revisions"}],"wp:attachment":[{"href":"https:\/\/yinyangstudio.es\/ca\/wp-json\/wp\/v2\/media?parent=720"}],"curies":[{"name":"wp","href":"https:\/\/api.w.org\/{rel}","templated":true}]}}